{"id":22,"date":"2022-08-31T17:31:29","date_gmt":"2022-08-31T15:31:29","guid":{"rendered":"https:\/\/www.kingakatanics.com\/?post_type=product&#038;p=22"},"modified":"2024-11-18T10:21:04","modified_gmt":"2024-11-18T09:21:04","slug":"siesta","status":"publish","type":"product","link":"https:\/\/www.kingakatanics.com\/fr\/store\/siesta\/","title":{"rendered":"Siesta"},"excerpt":{"rendered":"<ul class=\"ul1\" style=\"color: #000000; font-size: medium;\">\n<li class=\"li1\" style=\"margin: 0px; font-variant-numeric: normal; font-variant-east-asian: normal; font-stretch: normal; font-size: 13px; line-height: normal; font-family: 'Helvetica Neue';\">DESCRIPTION\n<p>ENGLISH<br \/>&#8211; Print Fine Art (inkjet print)<br \/>&#8211; 210 g Watercolour paper &#8211; high quality<br \/>&#8211; A white mount is integrated in the size<br \/>&#8211; Sold without frame<br \/>&#8211; Metallic details added manually on each print<br \/>&#8211; Shipping fee calculated at the checkout (click&amp;collect is free)<br \/>________________________________________________<\/li>\n<li>\u00a0<\/li>\n<li class=\"li1\" style=\"margin: 0px; font-variant-numeric: normal; font-variant-east-asian: normal; font-stretch: normal; font-size: 13px; line-height: normal; font-family: 'Helvetica Neue';\">FRENCH<br \/>&#8211; Impression Fine Art (tirage pigmentaire)<br \/>&#8211; Papier Aquarelle 210 g &#8211;\u00a0qualit\u00e9 sup\u00e9rieure<br \/>&#8211; Un passe-partout blanc est int\u00e9gr\u00e9 dans la taille<br \/>&#8211; Vendu sans cadre<br \/>&#8211; D\u00e9tails m\u00e9talliques ajout\u00e9s \u00e0\u00a0la main sur chaque affiche<br \/>&#8211; Frais de livraison calcul\u00e9 au checkout (click&amp;collect est gratuit)\u00a0<span style=\"font-family: 'Helvetica Neue'; font-size: 13px;\">\u00a0<\/span><\/li>\n<\/ul>\n","protected":false},"featured_media":24,"template":"","meta":[],"product_cat":[21,24],"product_tag":[],"class_list":["post-22","product","type-product","status-publish","has-post-thumbnail","hentry","product_cat-aquarelle","product_cat-unlimited-version","pa_size-a4","pa_size-30x40","pa_size-40x50"],"translation":{"provider":"WPGlobus","version":"2.10.4","language":"fr","enabled_languages":["en","fr"],"languages":{"en":{"title":true,"content":false,"excerpt":true},"fr":{"title":false,"content":false,"excerpt":false}}},"acf":[],"_links":{"self":[{"href":"https:\/\/www.kingakatanics.com\/fr\/wp-json\/wp\/v2\/product\/22","targetHints":{"allow":["GET"]}}],"collection":[{"href":"https:\/\/www.kingakatanics.com\/fr\/wp-json\/wp\/v2\/product"}],"about":[{"href":"https:\/\/www.kingakatanics.com\/fr\/wp-json\/wp\/v2\/types\/product"}],"wp:featuredmedia":[{"embeddable":true,"href":"https:\/\/www.kingakatanics.com\/fr\/wp-json\/wp\/v2\/media\/24"}],"wp:attachment":[{"href":"https:\/\/www.kingakatanics.com\/fr\/wp-json\/wp\/v2\/media?parent=22"}],"wp:term":[{"taxonomy":"product_cat","embeddable":true,"href":"https:\/\/www.kingakatanics.com\/fr\/wp-json\/wp\/v2\/product_cat?post=22"},{"taxonomy":"product_tag","embeddable":true,"href":"https:\/\/www.kingakatanics.com\/fr\/wp-json\/wp\/v2\/product_tag?post=22"}],"curies":[{"name":"wp","href":"https:\/\/api.w.org\/{rel}","templated":true}]}}